{"id":15,"date":"2025-11-18T14:05:16","date_gmt":"2025-11-18T14:05:16","guid":{"rendered":"http:\/\/atlas.avozdoxingu.com.br\/?page_id=15"},"modified":"2025-11-18T14:05:16","modified_gmt":"2025-11-18T14:05:16","slug":"transparencia-e-editorial","status":"publish","type":"page","link":"https:\/\/atlas.avozdoxingu.com.br\/index.php\/transparencia-e-editorial\/","title":{"rendered":"Transpar\u00eancia e Editorial"},"content":{"rendered":"\n<p>No <strong>Atlas News<\/strong>, a confian\u00e7a do leitor \u00e9 nosso ativo mais valioso. Para manter essa confian\u00e7a, operamos com total transpar\u00eancia sobre como produzimos nosso conte\u00fado e como nos sustentamos.<\/p>\n\n\n\n<h2 class=\"wp-block-heading\">Processo de Verifica\u00e7\u00e3o (Fact-Checking)<\/h2>\n\n\n\n<p>Nossa equipe se compromete a verificar a veracidade das informa\u00e7\u00f5es antes da publica\u00e7\u00e3o. Utilizamos fontes prim\u00e1rias, documentos oficiais e consultamos especialistas sempre que necess\u00e1rio. Caso um erro seja identificado, ele ser\u00e1 corrigido prontamente, com uma nota de atualiza\u00e7\u00e3o no topo ou rodap\u00e9 do artigo.<\/p>\n\n\n\n<h2 class=\"wp-block-heading\">Monetiza\u00e7\u00e3o e Publicidade<\/h2>\n\n\n\n<p>Para manter o site no ar e gratuito para os leitores, utilizamos formas de monetiza\u00e7\u00e3o:<\/p>\n\n\n\n<ol class=\"wp-block-list\">\n<li><strong>Google AdSense:<\/strong> Exibimos an\u00fancios program\u00e1ticos. Esses an\u00fancios s\u00e3o definidos automaticamente pelo Google e n\u00e3o refletem necessariamente a opini\u00e3o editorial do Atlas News.<\/li>\n\n\n\n<li><strong>Links de Afiliados:<\/strong> Ocasionalmente, podemos incluir links para produtos ou servi\u00e7os. Se voc\u00ea comprar atrav\u00e9s desses links, podemos receber uma pequena comiss\u00e3o sem custo extra para voc\u00ea. Isso ser\u00e1 sempre claramente identificado no artigo.<\/li>\n<\/ol>\n\n\n\n<h2 class=\"wp-block-heading\">Independ\u00eancia Editorial<\/h2>\n\n\n\n<p>Nossos anunciantes e parceiros comerciais n\u00e3o t\u00eam influ\u00eancia sobre nossa linha editorial, escolha de pautas ou o tom de nossas an\u00e1lises. As opini\u00f5es expressas em nossos artigos s\u00e3o de responsabilidade exclusiva de seus autores e da equipe editorial do Atlas News.<\/p>\n\n\n\n<h2 class=\"wp-block-heading\">Contato para Den\u00fancias ou Corre\u00e7\u00f5es<\/h2>\n\n\n\n<p>Se voc\u00ea acredita que algum conte\u00fado infringe direitos autorais ou cont\u00e9m informa\u00e7\u00f5es imprecisas, por favor, notifique-nos imediatamente atrav\u00e9s do e-mail: jwilliamsoares@gmail.com.<\/p>\n","protected":false},"excerpt":{"rendered":"<p>No Atlas News, a confian\u00e7a do leitor \u00e9 nosso ativo mais valioso. Para manter essa confian\u00e7a, operamos com total transpar\u00eancia sobre como produzimos nosso conte\u00fado e como nos sustentamos. Processo de Verifica\u00e7\u00e3o (Fact-Checking) Nossa equipe se compromete a verificar a veracidade das informa\u00e7\u00f5es antes da publica\u00e7\u00e3o. Utilizamos fontes prim\u00e1rias, documentos oficiais e consultamos especialistas sempre [&hellip;]<\/p>\n","protected":false},"author":1,"featured_media":0,"parent":0,"menu_order":0,"comment_status":"closed","ping_status":"closed","template":"","meta":{"footnotes":""},"class_list":["post-15","page","type-page","status-publish","hentry"],"yoast_head":"<!-- This site is optimized with the Yoast SEO plugin v26.4 - https:\/\/yoast.com\/wordpress\/plugins\/seo\/ -->\n<title>Transpar\u00eancia e Editorial - Atlas News<\/title>\n<meta name=\"robots\" content=\"index, follow, max-snippet:-1, max-image-preview:large, max-video-preview:-1\" \/>\n<link rel=\"canonical\" href=\"https:\/\/atlas.avozdoxingu.com.br\/index.php\/transparencia-e-editorial\/\" \/>\n<meta property=\"og:locale\" content=\"pt_BR\" \/>\n<meta property=\"og:type\" content=\"article\" \/>\n<meta property=\"og:title\" content=\"Transpar\u00eancia e Editorial - Atlas News\" \/>\n<meta property=\"og:description\" content=\"No Atlas News, a confian\u00e7a do leitor \u00e9 nosso ativo mais valioso. Para manter essa confian\u00e7a, operamos com total transpar\u00eancia sobre como produzimos nosso conte\u00fado e como nos sustentamos. Processo de Verifica\u00e7\u00e3o (Fact-Checking) Nossa equipe se compromete a verificar a veracidade das informa\u00e7\u00f5es antes da publica\u00e7\u00e3o. Utilizamos fontes prim\u00e1rias, documentos oficiais e consultamos especialistas sempre [&hellip;]\" \/>\n<meta property=\"og:url\" content=\"https:\/\/atlas.avozdoxingu.com.br\/index.php\/transparencia-e-editorial\/\" \/>\n<meta property=\"og:site_name\" content=\"Atlas News\" \/>\n<meta name=\"twitter:card\" content=\"summary_large_image\" \/>\n<meta name=\"twitter:label1\" content=\"Est. tempo de leitura\" \/>\n\t<meta name=\"twitter:data1\" content=\"1 minuto\" \/>\n<script type=\"application\/ld+json\" class=\"yoast-schema-graph\">{\"@context\":\"https:\/\/schema.org\",\"@graph\":[{\"@type\":\"WebPage\",\"@id\":\"https:\/\/atlas.avozdoxingu.com.br\/index.php\/transparencia-e-editorial\/\",\"url\":\"https:\/\/atlas.avozdoxingu.com.br\/index.php\/transparencia-e-editorial\/\",\"name\":\"Transpar\u00eancia e Editorial - Atlas News\",\"isPartOf\":{\"@id\":\"https:\/\/atlas.avozdoxingu.com.br\/#website\"},\"datePublished\":\"2025-11-18T14:05:16+00:00\",\"breadcrumb\":{\"@id\":\"https:\/\/atlas.avozdoxingu.com.br\/index.php\/transparencia-e-editorial\/#breadcrumb\"},\"inLanguage\":\"pt-BR\",\"potentialAction\":[{\"@type\":\"ReadAction\",\"target\":[\"https:\/\/atlas.avozdoxingu.com.br\/index.php\/transparencia-e-editorial\/\"]}]},{\"@type\":\"BreadcrumbList\",\"@id\":\"https:\/\/atlas.avozdoxingu.com.br\/index.php\/transparencia-e-editorial\/#breadcrumb\",\"itemListElement\":[{\"@type\":\"ListItem\",\"position\":1,\"name\":\"In\u00edcio\",\"item\":\"https:\/\/atlas.avozdoxingu.com.br\/\"},{\"@type\":\"ListItem\",\"position\":2,\"name\":\"Transpar\u00eancia e Editorial\"}]},{\"@type\":\"WebSite\",\"@id\":\"https:\/\/atlas.avozdoxingu.com.br\/#website\",\"url\":\"https:\/\/atlas.avozdoxingu.com.br\/\",\"name\":\"Atlas News\",\"description\":\"\",\"potentialAction\":[{\"@type\":\"SearchAction\",\"target\":{\"@type\":\"EntryPoint\",\"urlTemplate\":\"https:\/\/atlas.avozdoxingu.com.br\/?s={search_term_string}\"},\"query-input\":{\"@type\":\"PropertyValueSpecification\",\"valueRequired\":true,\"valueName\":\"search_term_string\"}}],\"inLanguage\":\"pt-BR\"}]}<\/script>\n<!-- \/ Yoast SEO plugin. -->","yoast_head_json":{"title":"Transpar\u00eancia e Editorial - Atlas News","robots":{"index":"index","follow":"follow","max-snippet":"max-snippet:-1","max-image-preview":"max-image-preview:large","max-video-preview":"max-video-preview:-1"},"canonical":"https:\/\/atlas.avozdoxingu.com.br\/index.php\/transparencia-e-editorial\/","og_locale":"pt_BR","og_type":"article","og_title":"Transpar\u00eancia e Editorial - Atlas News","og_description":"No Atlas News, a confian\u00e7a do leitor \u00e9 nosso ativo mais valioso. Para manter essa confian\u00e7a, operamos com total transpar\u00eancia sobre como produzimos nosso conte\u00fado e como nos sustentamos. Processo de Verifica\u00e7\u00e3o (Fact-Checking) Nossa equipe se compromete a verificar a veracidade das informa\u00e7\u00f5es antes da publica\u00e7\u00e3o. Utilizamos fontes prim\u00e1rias, documentos oficiais e consultamos especialistas sempre [&hellip;]","og_url":"https:\/\/atlas.avozdoxingu.com.br\/index.php\/transparencia-e-editorial\/","og_site_name":"Atlas News","twitter_card":"summary_large_image","twitter_misc":{"Est. tempo de leitura":"1 minuto"},"schema":{"@context":"https:\/\/schema.org","@graph":[{"@type":"WebPage","@id":"https:\/\/atlas.avozdoxingu.com.br\/index.php\/transparencia-e-editorial\/","url":"https:\/\/atlas.avozdoxingu.com.br\/index.php\/transparencia-e-editorial\/","name":"Transpar\u00eancia e Editorial - Atlas News","isPartOf":{"@id":"https:\/\/atlas.avozdoxingu.com.br\/#website"},"datePublished":"2025-11-18T14:05:16+00:00","breadcrumb":{"@id":"https:\/\/atlas.avozdoxingu.com.br\/index.php\/transparencia-e-editorial\/#breadcrumb"},"inLanguage":"pt-BR","potentialAction":[{"@type":"ReadAction","target":["https:\/\/atlas.avozdoxingu.com.br\/index.php\/transparencia-e-editorial\/"]}]},{"@type":"BreadcrumbList","@id":"https:\/\/atlas.avozdoxingu.com.br\/index.php\/transparencia-e-editorial\/#breadcrumb","itemListElement":[{"@type":"ListItem","position":1,"name":"In\u00edcio","item":"https:\/\/atlas.avozdoxingu.com.br\/"},{"@type":"ListItem","position":2,"name":"Transpar\u00eancia e Editorial"}]},{"@type":"WebSite","@id":"https:\/\/atlas.avozdoxingu.com.br\/#website","url":"https:\/\/atlas.avozdoxingu.com.br\/","name":"Atlas News","description":"","potentialAction":[{"@type":"SearchAction","target":{"@type":"EntryPoint","urlTemplate":"https:\/\/atlas.avozdoxingu.com.br\/?s={search_term_string}"},"query-input":{"@type":"PropertyValueSpecification","valueRequired":true,"valueName":"search_term_string"}}],"inLanguage":"pt-BR"}]}},"_links":{"self":[{"href":"https:\/\/atlas.avozdoxingu.com.br\/index.php\/wp-json\/wp\/v2\/pages\/15","targetHints":{"allow":["GET"]}}],"collection":[{"href":"https:\/\/atlas.avozdoxingu.com.br\/index.php\/wp-json\/wp\/v2\/pages"}],"about":[{"href":"https:\/\/atlas.avozdoxingu.com.br\/index.php\/wp-json\/wp\/v2\/types\/page"}],"author":[{"embeddable":true,"href":"https:\/\/atlas.avozdoxingu.com.br\/index.php\/wp-json\/wp\/v2\/users\/1"}],"replies":[{"embeddable":true,"href":"https:\/\/atlas.avozdoxingu.com.br\/index.php\/wp-json\/wp\/v2\/comments?post=15"}],"version-history":[{"count":1,"href":"https:\/\/atlas.avozdoxingu.com.br\/index.php\/wp-json\/wp\/v2\/pages\/15\/revisions"}],"predecessor-version":[{"id":16,"href":"https:\/\/atlas.avozdoxingu.com.br\/index.php\/wp-json\/wp\/v2\/pages\/15\/revisions\/16"}],"wp:attachment":[{"href":"https:\/\/atlas.avozdoxingu.com.br\/index.php\/wp-json\/wp\/v2\/media?parent=15"}],"curies":[{"name":"wp","href":"https:\/\/api.w.org\/{rel}","templated":true}]}}