{"id":11,"date":"2025-11-18T14:03:45","date_gmt":"2025-11-18T14:03:45","guid":{"rendered":"http:\/\/atlas.avozdoxingu.com.br\/?page_id=11"},"modified":"2025-11-18T14:03:45","modified_gmt":"2025-11-18T14:03:45","slug":"termos-de-uso","status":"publish","type":"page","link":"https:\/\/atlas.avozdoxingu.com.br\/index.php\/termos-de-uso\/","title":{"rendered":"Termos de Uso"},"content":{"rendered":"\n<h2 class=\"wp-block-heading\">1. Aceita\u00e7\u00e3o dos Termos<\/h2>\n\n\n\n<p>Ao acessar e usar o site <strong>Atlas News<\/strong> (https:\/\/www.google.com\/search?q=https:\/\/portalatlasnews.com.br), voc\u00ea aceita e concorda em estar vinculado aos termos e disposi\u00e7\u00f5es deste contrato. Se voc\u00ea n\u00e3o concordar em cumprir estes termos, por favor, n\u00e3o utilize nosso site.<\/p>\n\n\n\n<h2 class=\"wp-block-heading\">2. Uso de Licen\u00e7a<\/h2>\n\n\n\n<p>\u00c9 concedida permiss\u00e3o para baixar temporariamente uma c\u00f3pia dos materiais (informa\u00e7\u00f5es ou software) no site Atlas News, apenas para visualiza\u00e7\u00e3o transit\u00f3ria pessoal e n\u00e3o comercial. Esta \u00e9 a concess\u00e3o de uma licen\u00e7a, n\u00e3o uma transfer\u00eancia de t\u00edtulo e, sob esta licen\u00e7a, voc\u00ea n\u00e3o pode:<\/p>\n\n\n\n<ol class=\"wp-block-list\">\n<li>Modificar ou copiar os materiais;<\/li>\n\n\n\n<li>Usar os materiais para qualquer finalidade comercial ou para exibi\u00e7\u00e3o p\u00fablica (comercial ou n\u00e3o comercial);<\/li>\n\n\n\n<li>Tentar descompilar ou fazer engenharia reversa de qualquer software contido no site Atlas News;<\/li>\n\n\n\n<li>Remover quaisquer direitos autorais ou outras nota\u00e7\u00f5es de propriedade dos materiais; ou<\/li>\n\n\n\n<li>Transferir os materiais para outra pessoa ou &#8220;espelhar&#8221; os materiais em qualquer outro servidor.<\/li>\n<\/ol>\n\n\n\n<h2 class=\"wp-block-heading\">3. Isen\u00e7\u00e3o de Responsabilidade<\/h2>\n\n\n\n<p>Os materiais no site da Atlas News s\u00e3o fornecidos &#8220;como est\u00e3o&#8221;. O Atlas News n\u00e3o oferece garantias, expressas ou impl\u00edcitas, e, por este meio, isenta e nega todas as outras garantias, incluindo, sem limita\u00e7\u00e3o, garantias impl\u00edcitas ou condi\u00e7\u00f5es de comercializa\u00e7\u00e3o, adequa\u00e7\u00e3o a um fim espec\u00edfico ou n\u00e3o viola\u00e7\u00e3o de propriedade intelectual ou outra viola\u00e7\u00e3o de direitos.<\/p>\n\n\n\n<h2 class=\"wp-block-heading\">4. Limita\u00e7\u00f5es<\/h2>\n\n\n\n<p>Em nenhum caso o Atlas News ou seus fornecedores ser\u00e3o respons\u00e1veis por quaisquer danos (incluindo, sem limita\u00e7\u00e3o, danos por perda de dados ou lucro ou devido a interrup\u00e7\u00e3o dos neg\u00f3cios) decorrentes do uso ou da incapacidade de usar os materiais em Atlas News, mesmo que o Atlas News ou um representante autorizado do Atlas News tenha sido notificado oralmente ou por escrito da possibilidade de tais danos.<\/p>\n\n\n\n<h2 class=\"wp-block-heading\">5. Links<\/h2>\n\n\n\n<p>O Atlas News n\u00e3o analisou todos os sites vinculados ao seu site e n\u00e3o \u00e9 respons\u00e1vel pelo conte\u00fado de nenhum site vinculado. A inclus\u00e3o de qualquer link n\u00e3o implica endosso por Atlas News do site. O uso de qualquer site vinculado \u00e9 por conta e risco do usu\u00e1rio.<\/p>\n\n\n\n<h2 class=\"wp-block-heading\">6. Modifica\u00e7\u00f5es<\/h2>\n\n\n\n<p>O Atlas News pode revisar estes termos de servi\u00e7o do site a qualquer momento, sem aviso pr\u00e9vio. Ao usar este site, voc\u00ea concorda em ficar vinculado \u00e0 vers\u00e3o atual desses termos de servi\u00e7o.<\/p>\n","protected":false},"excerpt":{"rendered":"<p>1. Aceita\u00e7\u00e3o dos Termos Ao acessar e usar o site Atlas News (https:\/\/www.google.com\/search?q=https:\/\/portalatlasnews.com.br), voc\u00ea aceita e concorda em estar vinculado aos termos e disposi\u00e7\u00f5es deste contrato. Se voc\u00ea n\u00e3o concordar em cumprir estes termos, por favor, n\u00e3o utilize nosso site. 2. Uso de Licen\u00e7a \u00c9 concedida permiss\u00e3o para baixar temporariamente uma c\u00f3pia dos materiais (informa\u00e7\u00f5es [&hellip;]<\/p>\n","protected":false},"author":1,"featured_media":0,"parent":0,"menu_order":0,"comment_status":"closed","ping_status":"closed","template":"","meta":{"footnotes":""},"class_list":["post-11","page","type-page","status-publish","hentry"],"yoast_head":"<!-- This site is optimized with the Yoast SEO plugin v26.4 - https:\/\/yoast.com\/wordpress\/plugins\/seo\/ -->\n<title>Termos de Uso - Atlas News<\/title>\n<meta name=\"robots\" content=\"index, follow, max-snippet:-1, max-image-preview:large, max-video-preview:-1\" \/>\n<link rel=\"canonical\" href=\"https:\/\/atlas.avozdoxingu.com.br\/index.php\/termos-de-uso\/\" \/>\n<meta property=\"og:locale\" content=\"pt_BR\" \/>\n<meta property=\"og:type\" content=\"article\" \/>\n<meta property=\"og:title\" content=\"Termos de Uso - Atlas News\" \/>\n<meta property=\"og:description\" content=\"1. Aceita\u00e7\u00e3o dos Termos Ao acessar e usar o site Atlas News (https:\/\/www.google.com\/search?q=https:\/\/portalatlasnews.com.br), voc\u00ea aceita e concorda em estar vinculado aos termos e disposi\u00e7\u00f5es deste contrato. Se voc\u00ea n\u00e3o concordar em cumprir estes termos, por favor, n\u00e3o utilize nosso site. 2. Uso de Licen\u00e7a \u00c9 concedida permiss\u00e3o para baixar temporariamente uma c\u00f3pia dos materiais (informa\u00e7\u00f5es [&hellip;]\" \/>\n<meta property=\"og:url\" content=\"https:\/\/atlas.avozdoxingu.com.br\/index.php\/termos-de-uso\/\" \/>\n<meta property=\"og:site_name\" content=\"Atlas News\" \/>\n<meta name=\"twitter:card\" content=\"summary_large_image\" \/>\n<meta name=\"twitter:label1\" content=\"Est. tempo de leitura\" \/>\n\t<meta name=\"twitter:data1\" content=\"2 minutos\" \/>\n<script type=\"application\/ld+json\" class=\"yoast-schema-graph\">{\"@context\":\"https:\/\/schema.org\",\"@graph\":[{\"@type\":\"WebPage\",\"@id\":\"https:\/\/atlas.avozdoxingu.com.br\/index.php\/termos-de-uso\/\",\"url\":\"https:\/\/atlas.avozdoxingu.com.br\/index.php\/termos-de-uso\/\",\"name\":\"Termos de Uso - Atlas News\",\"isPartOf\":{\"@id\":\"https:\/\/atlas.avozdoxingu.com.br\/#website\"},\"datePublished\":\"2025-11-18T14:03:45+00:00\",\"breadcrumb\":{\"@id\":\"https:\/\/atlas.avozdoxingu.com.br\/index.php\/termos-de-uso\/#breadcrumb\"},\"inLanguage\":\"pt-BR\",\"potentialAction\":[{\"@type\":\"ReadAction\",\"target\":[\"https:\/\/atlas.avozdoxingu.com.br\/index.php\/termos-de-uso\/\"]}]},{\"@type\":\"BreadcrumbList\",\"@id\":\"https:\/\/atlas.avozdoxingu.com.br\/index.php\/termos-de-uso\/#breadcrumb\",\"itemListElement\":[{\"@type\":\"ListItem\",\"position\":1,\"name\":\"In\u00edcio\",\"item\":\"https:\/\/atlas.avozdoxingu.com.br\/\"},{\"@type\":\"ListItem\",\"position\":2,\"name\":\"Termos de Uso\"}]},{\"@type\":\"WebSite\",\"@id\":\"https:\/\/atlas.avozdoxingu.com.br\/#website\",\"url\":\"https:\/\/atlas.avozdoxingu.com.br\/\",\"name\":\"Atlas News\",\"description\":\"\",\"potentialAction\":[{\"@type\":\"SearchAction\",\"target\":{\"@type\":\"EntryPoint\",\"urlTemplate\":\"https:\/\/atlas.avozdoxingu.com.br\/?s={search_term_string}\"},\"query-input\":{\"@type\":\"PropertyValueSpecification\",\"valueRequired\":true,\"valueName\":\"search_term_string\"}}],\"inLanguage\":\"pt-BR\"}]}<\/script>\n<!-- \/ Yoast SEO plugin. -->","yoast_head_json":{"title":"Termos de Uso - Atlas News","robots":{"index":"index","follow":"follow","max-snippet":"max-snippet:-1","max-image-preview":"max-image-preview:large","max-video-preview":"max-video-preview:-1"},"canonical":"https:\/\/atlas.avozdoxingu.com.br\/index.php\/termos-de-uso\/","og_locale":"pt_BR","og_type":"article","og_title":"Termos de Uso - Atlas News","og_description":"1. Aceita\u00e7\u00e3o dos Termos Ao acessar e usar o site Atlas News (https:\/\/www.google.com\/search?q=https:\/\/portalatlasnews.com.br), voc\u00ea aceita e concorda em estar vinculado aos termos e disposi\u00e7\u00f5es deste contrato. Se voc\u00ea n\u00e3o concordar em cumprir estes termos, por favor, n\u00e3o utilize nosso site. 2. Uso de Licen\u00e7a \u00c9 concedida permiss\u00e3o para baixar temporariamente uma c\u00f3pia dos materiais (informa\u00e7\u00f5es [&hellip;]","og_url":"https:\/\/atlas.avozdoxingu.com.br\/index.php\/termos-de-uso\/","og_site_name":"Atlas News","twitter_card":"summary_large_image","twitter_misc":{"Est. tempo de leitura":"2 minutos"},"schema":{"@context":"https:\/\/schema.org","@graph":[{"@type":"WebPage","@id":"https:\/\/atlas.avozdoxingu.com.br\/index.php\/termos-de-uso\/","url":"https:\/\/atlas.avozdoxingu.com.br\/index.php\/termos-de-uso\/","name":"Termos de Uso - Atlas News","isPartOf":{"@id":"https:\/\/atlas.avozdoxingu.com.br\/#website"},"datePublished":"2025-11-18T14:03:45+00:00","breadcrumb":{"@id":"https:\/\/atlas.avozdoxingu.com.br\/index.php\/termos-de-uso\/#breadcrumb"},"inLanguage":"pt-BR","potentialAction":[{"@type":"ReadAction","target":["https:\/\/atlas.avozdoxingu.com.br\/index.php\/termos-de-uso\/"]}]},{"@type":"BreadcrumbList","@id":"https:\/\/atlas.avozdoxingu.com.br\/index.php\/termos-de-uso\/#breadcrumb","itemListElement":[{"@type":"ListItem","position":1,"name":"In\u00edcio","item":"https:\/\/atlas.avozdoxingu.com.br\/"},{"@type":"ListItem","position":2,"name":"Termos de Uso"}]},{"@type":"WebSite","@id":"https:\/\/atlas.avozdoxingu.com.br\/#website","url":"https:\/\/atlas.avozdoxingu.com.br\/","name":"Atlas News","description":"","potentialAction":[{"@type":"SearchAction","target":{"@type":"EntryPoint","urlTemplate":"https:\/\/atlas.avozdoxingu.com.br\/?s={search_term_string}"},"query-input":{"@type":"PropertyValueSpecification","valueRequired":true,"valueName":"search_term_string"}}],"inLanguage":"pt-BR"}]}},"_links":{"self":[{"href":"https:\/\/atlas.avozdoxingu.com.br\/index.php\/wp-json\/wp\/v2\/pages\/11","targetHints":{"allow":["GET"]}}],"collection":[{"href":"https:\/\/atlas.avozdoxingu.com.br\/index.php\/wp-json\/wp\/v2\/pages"}],"about":[{"href":"https:\/\/atlas.avozdoxingu.com.br\/index.php\/wp-json\/wp\/v2\/types\/page"}],"author":[{"embeddable":true,"href":"https:\/\/atlas.avozdoxingu.com.br\/index.php\/wp-json\/wp\/v2\/users\/1"}],"replies":[{"embeddable":true,"href":"https:\/\/atlas.avozdoxingu.com.br\/index.php\/wp-json\/wp\/v2\/comments?post=11"}],"version-history":[{"count":1,"href":"https:\/\/atlas.avozdoxingu.com.br\/index.php\/wp-json\/wp\/v2\/pages\/11\/revisions"}],"predecessor-version":[{"id":12,"href":"https:\/\/atlas.avozdoxingu.com.br\/index.php\/wp-json\/wp\/v2\/pages\/11\/revisions\/12"}],"wp:attachment":[{"href":"https:\/\/atlas.avozdoxingu.com.br\/index.php\/wp-json\/wp\/v2\/media?parent=11"}],"curies":[{"name":"wp","href":"https:\/\/api.w.org\/{rel}","templated":true}]}}